{"id":240189,"date":"2022-10-21T10:12:41","date_gmt":"2022-10-21T08:12:41","guid":{"rendered":"https:\/\/mspartners.es\/blog\/"},"modified":"2024-06-18T11:36:21","modified_gmt":"2024-06-18T09:36:21","slug":"blog","status":"publish","type":"page","link":"https:\/\/mspartners.es\/de\/blog\/","title":{"rendered":"Blog"},"content":{"rendered":"<p>[et_pb_section fb_built=&#8220;1&#8243; _builder_version=&#8220;4.18.0&#8243; _module_preset=&#8220;default&#8220; custom_padding=&#8220;13px|||||&#8220; global_colors_info=&#8220;{}&#8220;][et_pb_row _builder_version=&#8220;4.18.0&#8243; _module_preset=&#8220;default&#8220; global_colors_info=&#8220;{}&#8220;][et_pb_column type=&#8220;4_4&#8243; _builder_version=&#8220;4.18.0&#8243; _module_preset=&#8220;default&#8220; global_colors_info=&#8220;{}&#8220;][et_pb_text _builder_version=&#8220;4.22.2&#8243; _module_preset=&#8220;default&#8220; header_font=&#8220;Belleza||||||||&#8220; header_text_align=&#8220;center&#8220; header_text_color=&#8220;#20211F&#8220; header_font_size=&#8220;85px&#8220; header_font_size_tablet=&#8220;85px&#8220; header_font_size_phone=&#8220;49px&#8220; header_font_size_last_edited=&#8220;on|phone&#8220; global_colors_info=&#8220;{}&#8220;]<\/p>\n<h1>FINANZEN BLOG<\/h1>\n<p>[\/et_pb_text][\/et_pb_column][\/et_pb_row][et_pb_row _builder_version=&#8220;4.18.0&#8243; _module_preset=&#8220;default&#8220; global_colors_info=&#8220;{}&#8220;][et_pb_column type=&#8220;4_4&#8243; _builder_version=&#8220;4.18.0&#8243; _module_preset=&#8220;default&#8220; global_colors_info=&#8220;{}&#8220;]<\/p>\n<p>[et_pb_blog_extras blog_layout=&#8220;masonry&#8220; column_spacing=&#8220;47px&#8220; featured_image_size=&#8220;full&#8220; excerpt_length=&#8220;0&#8243; use_read_more_button=&#8220;on&#8220; read_more_text=&#8220;READ&#8220; show_author=&#8220;off&#8220; show_date=&#8220;off&#8220; show_categories=&#8220;off&#8220; show_comments=&#8220;off&#8220; masonry_columns_tablet=&#8220;&#8220; masonry_columns_phone=&#8220;1&#8243; masonry_columns_last_edited=&#8220;on|phone&#8220; column_spacing_tablet=&#8220;47px&#8220; column_spacing_phone=&#8220;20px&#8220; column_spacing_last_edited=&#8220;on|phone&#8220; _builder_version=&#8220;4.18.0&#8243; _module_preset=&#8220;default&#8220; header_font=&#8220;Belleza|||on|||||&#8220; header_text_color=&#8220;#20211F&#8220; header_font_size=&#8220;21px&#8220; custom_read_more=&#8220;on&#8220; read_more_text_size=&#8220;15px&#8220; read_more_text_color=&#8220;#20211F&#8220; read_more_border_width=&#8220;0px&#8220; read_more_font=&#8220;Roboto||||||||&#8220; read_more_alignment=&#8220;left&#8220; read_more_custom_margin=&#8220;|||-11px|false|false&#8220; border_color_all=&#8220;#000000&#8243; global_colors_info=&#8220;{}&#8220;][\/et_pb_blog_extras]<\/p>\n<p>[\/et_pb_column][\/et_pb_row][et_pb_row _builder_version=&#8220;4.22.2&#8243; _module_preset=&#8220;default&#8220; global_colors_info=&#8220;{}&#8220;][et_pb_column type=&#8220;4_4&#8243; _builder_version=&#8220;4.22.2&#8243; _module_preset=&#8220;default&#8220; global_colors_info=&#8220;{}&#8220;][et_pb_text _builder_version=&#8220;4.22.2&#8243; _module_preset=&#8220;default&#8220; text_font=&#8220;Roboto||||||||&#8220; text_text_color=&#8220;#000000&#8243; header_4_font=&#8220;Belleza||||||||&#8220; header_4_text_align=&#8220;center&#8220; header_4_text_color=&#8220;#000000&#8243; header_4_font_size=&#8220;33px&#8220; text_orientation=&#8220;center&#8220; global_colors_info=&#8220;{}&#8220;]<\/p>\n<h4>STRATEGISCHE INVESTITIONEN: DER SICHERE RAUM<\/h4>\n<p>Seit mehr als 10 Jahren besch\u00e4ftigt sich MS&amp;P mit diesen Worten in unserem Blog. Einzigartige Aspekte, die Investitionen zu einem sicheren und strategischen Ort machen. Wir sind davon \u00fcberzeugt, dass der einzige Weg zu wachsen darin besteht, die Grundlagen zu schaffen und klare Ziele zu verfolgen. Man muss einen klaren Weg mit einem starken Fundament einschlagen. Auf diese Weise kann uns eine Krise oder ein Marktschock nur schwer ersch\u00fcttern.<\/p>\n<p>Wir sind finanzielle Verb\u00fcndete, die exklusive und personalisierte Wege zur Erreichung Ihrer Ziele schaffen. Wir entwerfen mit Ihnen die Finanzstruktur, die Sie wachsen l\u00e4sst, Ihr eigenes Imperium schafft und es wirklich kontrolliert.<\/p>\n<p>Nur eine pers\u00f6nliche Analyse erm\u00f6glicht es uns zu verstehen, welche Strategien Sie verfolgen, wie sie sich auf Sie auswirken, Ihren Ausgangspunkt, Ihre Vorgehensweise und das von Ihnen angestrebte und erwartete Ergebnis zu bestimmen.<\/p>\n<p>[\/et_pb_text][\/et_pb_column][\/et_pb_row][\/et_pb_section]<\/p>\n","protected":false},"excerpt":{"rendered":"<p>FINANZEN BLOGSTRATEGISCHE INVESTITIONEN: DER SICHERE RAUM Seit mehr als 10 Jahren besch\u00e4ftigt sich MS&amp;P mit diesen Worten in unserem Blog. Einzigartige Aspekte, die Investitionen zu einem sicheren und strategischen Ort machen. Wir sind davon \u00fcberzeugt, dass der einzige Weg zu wachsen darin besteht, die Grundlagen zu schaffen und klare Ziele zu verfolgen. Man muss einen klaren Weg mit einem starken Fundament einschlagen. Auf diese Weise kann uns eine Krise oder ein Marktschock nur schwer ersch\u00fcttern. Wir sind finanzielle Verb\u00fcndete, die exklusive und personalisierte Wege zur Erreichung Ihrer Ziele schaffen. Wir entwerfen mit Ihnen die Finanzstruktur, die Sie wachsen l\u00e4sst, Ihr eigenes Imperium schafft und es wirklich kontrolliert. Nur eine pers\u00f6nliche Analyse erm\u00f6glicht es uns zu verstehen, welche Strategien Sie verfolgen, wie sie sich auf Sie auswirken, Ihren Ausgangspunkt, Ihre Vorgehensweise und das von Ihnen angestrebte und erwartete Ergebnis zu bestimmen.<\/p>\n","protected":false},"author":2,"featured_media":0,"parent":0,"menu_order":0,"comment_status":"closed","ping_status":"closed","template":"","meta":{"_et_pb_use_builder":"on","_et_pb_old_content":"","_et_gb_content_width":"","footnotes":""},"class_list":["post-240189","page","type-page","status-publish","hentry"],"_links":{"self":[{"href":"https:\/\/mspartners.es\/de\/wp-json\/wp\/v2\/pages\/240189","targetHints":{"allow":["GET"]}}],"collection":[{"href":"https:\/\/mspartners.es\/de\/wp-json\/wp\/v2\/pages"}],"about":[{"href":"https:\/\/mspartners.es\/de\/wp-json\/wp\/v2\/types\/page"}],"author":[{"embeddable":true,"href":"https:\/\/mspartners.es\/de\/wp-json\/wp\/v2\/users\/2"}],"replies":[{"embeddable":true,"href":"https:\/\/mspartners.es\/de\/wp-json\/wp\/v2\/comments?post=240189"}],"version-history":[{"count":0,"href":"https:\/\/mspartners.es\/de\/wp-json\/wp\/v2\/pages\/240189\/revisions"}],"wp:attachment":[{"href":"https:\/\/mspartners.es\/de\/wp-json\/wp\/v2\/media?parent=240189"}],"curies":[{"name":"wp","href":"https:\/\/api.w.org\/{rel}","templated":true}]}}