{"id":240196,"date":"2021-04-09T11:51:43","date_gmt":"2021-04-09T09:51:43","guid":{"rendered":"https:\/\/mspartners.es\/aviso-legal\/"},"modified":"2024-06-18T11:12:28","modified_gmt":"2024-06-18T09:12:28","slug":"aviso-legal","status":"publish","type":"page","link":"https:\/\/mspartners.es\/de\/aviso-legal\/","title":{"rendered":"Impressum"},"content":{"rendered":"\n<p><\/p>\n\n\n\n<p>Impressum<\/p>\n\n\n\n<p>An dieser Stelle finden Sie alle Informationen zu den rechtlichen Bedingungen, die die Beziehung zwischen den Benutzern und dem Verantwortlichen f\u00fcr diese Website definieren. Als Benutzer ist es wichtig, dass Sie diese Begriffe kennen, bevor Sie mit dem Surfen fortfahren.<\/p>\n\n\n\n<p>Diese Website entspricht strikt dem Gesetz 34\/2002 vom 11. Juli \u00fcber die Dienste der Informationsgesellschaft und den elektronischen Gesch\u00e4ftsverkehr.<\/p>\n\n\n\n<p><strong>Informationen \u00fcber den Verantwortlichen f\u00fcr diese Website<\/strong><\/p>\n\n\n\n<ul class=\"wp-block-list\">\n<li>Der Firmenname lautet (Eigent\u00fcmer der Website): Migone Schaefer partners S.L.<\/li>\n\n\n\n<li>Der eingetragene Sitz befindet sich in: Carrer Hereter 18Bis 18 Bis 08960 Sant Just Desvern Barcelona<\/li>\n\n\n\n<li>E-Mail: lucas@mspartners.es<\/li>\n<\/ul>\n\n\n\n<p><strong>Gesetzliche Vorschriften, denen diese Website entspricht<\/strong><\/p>\n\n\n\n<p>Diese Website hat diese Website an die Anforderungen angepasst von:<\/p>\n\n\n\n<ul class=\"wp-block-list\">\n<li>Die <strong>DSGVO<\/strong> (<a href=\"https:\/\/www.boe.es\/doue\/2016\/119\/L00001-00088.pdf\" target=\"_blank\" rel=\"noreferrer noopener\"><strong>Verordnung (EU) 2016\/679 des Europ\u00e4ischen Parlaments und des Rates vom 27. April 2016 zum Schutz nat\u00fcrlicher Personen<\/strong><\/a>), die neue Verordnung der Europ\u00e4ischen Union, die die Regulierung der Verarbeitung personenbezogener Daten in den verschiedenen EU-L\u00e4ndern vereinheitlicht.<\/li>\n<\/ul>\n\n\n\n<p>Das <strong>LOPD<\/strong> (<a href=\"https:\/\/www.boe.es\/buscar\/act.php?id=BOE-A-2018-16673\" target=\"_blank\" rel=\"noreferrer noopener\"><strong>Organgesetz 3\/2018 vom 5. Dezember \u00fcber den Schutz personenbezogener Daten und die Gew\u00e4hrleistung digitaler Rechte.<\/strong><\/a> und <a href=\"https:\/\/www.boe.es\/buscar\/doc.php?id=BOE-A-2008-979\" target=\"_blank\" rel=\"noreferrer noopener\"><strong>K\u00f6nigliches Dekret 1720\/2007 vom 21. Dezember, bekannt als Verordnung zur Entwicklung der LOPD<\/strong><\/a>), das die Verarbeitung personenbezogener Daten und die Verpflichtungen regelt, die die Verantwortlichen einer Website oder eines Blogs bei der Verwaltung dieser Informationen \u00fcbernehmen m\u00fcssen.<\/p>\n\n\n\n<ul class=\"wp-block-list\">\n<li>Das <strong>LSSI oder LSSICE <\/strong>(<a href=\"http:\/\/www.boe.es\/buscar\/doc.php?id=BOE-A-2002-13758\" target=\"_blank\" rel=\"noreferrer noopener\"><strong>Gesetz 34\/2002 vom 11. Juli \u00fcber die Dienste der Informationsgesellschaft und den elektronischen Gesch\u00e4ftsverkehr<\/strong><\/a>), das den wirtschaftlichen Verkehr auf elektronischem Wege regelt, wie es bei dieser Website der Fall ist.<\/li>\n<\/ul>\n\n\n\n<p><strong>Allgemeine Nutzungsbedingungen<\/strong><\/p>\n\n\n\n<p>Diese Allgemeinen Gesch\u00e4ftsbedingungen regeln die Nutzung (einschlie\u00dflich des einfachen Zugriffs auf die Website) der Seiten, die <strong>www.mspartners.es darstellen<\/strong>, einschlie\u00dflich der darauf angebotenen Inhalte und Dienstleistungen.<\/p>\n\n\n\n<p>Durch den Zugriff auf die Website erwerben Sie den Status eines Benutzers und erkl\u00e4ren sich damit einverstanden, den jederzeit geltenden Allgemeinen Gesch\u00e4ftsbedingungen zu unterliegen <strong>www.mspartners.es<\/strong><\/p>\n\n\n\n<p><strong>Zweck dieser Website<\/strong><\/p>\n\n\n\n<p>Die Website <strong>www.mspartners.es<\/strong> wurde entwickelt, um Informationen, Aktivit\u00e4ten und verschiedene Dienstleistungen, die vom Eigent\u00fcmer der Website angeboten werden, bekannt zu machen und der \u00d6ffentlichkeit zug\u00e4nglich zu machen.<\/p>\n\n\n\n<p><strong>Personenbezogene Daten, die ich sammle und wie ich sie sammle<\/strong><\/p>\n\n\n\n<p>Die detaillierten Informationen zu diesem Abschnitt k\u00f6nnen Sie in meiner Datenschutzerkl\u00e4rung nachlesen.<\/p>\n\n\n\n<p><strong>Verpflichtungen und Pflichten der Nutzer<\/strong><\/p>\n\n\n\n<p>Sie werden dar\u00fcber informiert und akzeptieren, dass der Zugriff auf diese Website in keiner Weise den Beginn einer Gesch\u00e4ftsbeziehung mit dem Eigent\u00fcmer der Website bedeutet, und Sie verpflichten sich, diese Website, ihre Dienste und Inhalte zu nutzen, ohne gegen geltende Gesetze, Treu und Glauben und die \u00f6ffentliche Ordnung zu versto\u00dfen.<\/p>\n\n\n\n<p>Die Nutzung der Website f\u00fcr illegale oder sch\u00e4dliche Zwecke oder solche, die Probleme oder Sch\u00e4den jeglicher Art verursachen oder das normale Funktionieren der Website beeintr\u00e4chtigen k\u00f6nnen, ist verboten.<\/p>\n\n\n\n<p>In Bezug auf den Inhalt dieser Website ist es verboten:<\/p>\n\n\n\n<ul class=\"wp-block-list\">\n<li>Seine Vervielf\u00e4ltigung, Verbreitung oder \u00c4nderung, ganz oder teilweise, es sei denn, der rechtm\u00e4\u00dfige Eigent\u00fcmer hat dies genehmigt.<\/li>\n\n\n\n<li>Jede Verletzung der Rechte des Eigent\u00fcmers dieser Website.<\/li>\n\n\n\n<li>Seine Verwendung f\u00fcr kommerzielle oder Werbezwecke.<\/li>\n<\/ul>\n\n\n\n<p>Durch die Nutzung der www.mspartners.es Website verpflichten Sie sich, keine Verhaltensweisen vorzunehmen, die das Image, die Interessen und Rechte des Eigent\u00fcmers oder Dritter sch\u00e4digen oder die Website besch\u00e4digen, deaktivieren oder \u00fcberlasten und ihre normale Nutzung in irgendeiner Weise behindern k\u00f6nnten.<\/p>\n\n\n\n<p><strong>Sicherheitsma\u00dfnahmen<\/strong><\/p>\n\n\n\n<p>Die personenbezogenen Daten, <strong>die Sie www.mspartners.es mitteilen,<\/strong> k\u00f6nnen in automatisierten oder nicht automatisierten Datenbanken gespeichert werden, deren Eigentum ausschlie\u00dflich www.mspartners.es entspricht, die alle technischen, organisatorischen und Sicherheitsma\u00dfnahmen \u00fcbernimmt, die die Vertraulichkeit, Integrit\u00e4t und Qualit\u00e4t der darin enthaltenen Informationen gem\u00e4\u00df den Bestimmungen der geltenden Datenschutzbestimmungen gew\u00e4hrleisten.<\/p>\n\n\n\n<p>Die Kommunikation zwischen dem Benutzer und <strong>www.mspartners.es<\/strong> erfolgt \u00fcber einen sicheren Kanal und die \u00fcbertragenen Daten werden dank des https-Protokolls verschl\u00fcsselt. Daher garantieren wir die besten Sicherheitsbedingungen f\u00fcr die Vertraulichkeit der Benutzer.<\/p>\n\n\n\n<p>In <strong>www.mspartners.es<\/strong> werden alle notwendigen Mittel eingesetzt und die entsprechenden Sicherheitsma\u00dfnahmen ergriffen, um das Vorhandensein von Viren und anderen Arten von Angriffen zu erkennen und zu verhindern. Sie sollten sich jedoch dar\u00fcber im Klaren sein, dass die Sicherheitsma\u00dfnahmen von Computersystemen im Internet nicht ganz zuverl\u00e4ssig sind. Daher <strong>k\u00f6nnen wir<\/strong> <strong>in www.mspartners.es<\/strong> nicht vollst\u00e4ndig garantieren, dass keine Viren oder andere Elemente vorhanden sind, die \u00c4nderungen in den Computersystemen (Software und Hardware) der Benutzer oder in ihren elektronischen Dokumenten und in den darin enthaltenen Dateien verursachen k\u00f6nnen.<\/p>\n\n\n\n<p><strong>Plattform zur Streitbeilegung<\/strong><\/p>\n\n\n\n<p>Ich stelle Ihnen als Nutzer die von der Europ\u00e4ischen Kommission bereitgestellte Streitbeilegungsplattform zur Verf\u00fcgung, auf die Sie unter diesem Link zugreifen k\u00f6nnen: <a href=\"https:\/\/ec.europa.eu\/consumers\/odr\/main\/index.cfm?event=main.home2.show&amp;lng=ES\" target=\"_blank\" rel=\"noreferrer noopener\"><strong>https:\/\/ec.europa.eu\/consumers\/odr\/main\/index.cfm?event=main.home2.show&amp;lng=ES<\/strong><\/a><\/p>\n\n\n\n<p><strong>Rechte an geistigem und gewerblichem Eigentum<\/strong><\/p>\n\n\n\n<p>Es werden keine Rechte an geistigem oder gewerblichem Eigentum \u00fcber die www.mspartners.es Website oder eines der Elemente, aus denen sie besteht, durch diese Allgemeinen Gesch\u00e4ftsbedingungen \u00fcbertragen.<\/p>\n\n\n\n<p>Folgendes ist ausdr\u00fccklich verboten (gem\u00e4\u00df den Bestimmungen der Artikel 8 und 32.1 Absatz 2 des Gesetzes \u00fcber geistiges Eigentum): die Vervielf\u00e4ltigung, Umwandlung, Verbreitung, \u00f6ffentliche Kommunikation, \u00f6ffentliche Zug\u00e4nglichmachung, Extraktion, Wiederverwendung, Weiterleitung oder Nutzung des gesamten oder eines Teils des Inhalts dieser Website in irgendeiner Weise, auf jedem Medium und mit allen technischen Mitteln, ohne Genehmigung des Eigent\u00fcmers der Website. Als Benutzer verpflichten Sie sich, die geistigen und gewerblichen Eigentumsrechte des Eigent\u00fcmers der Website zu respektieren.<\/p>\n\n\n\n<p>Als Benutzer wissen und akzeptieren Sie, dass die gesamte Website, einschlie\u00dflich, aber nicht beschr\u00e4nkt auf Text, Software, Inhalte (einschlie\u00dflich Struktur, Auswahl, Anordnung und Pr\u00e4sentation), Fotos, audiovisuelles und grafisches Material, durch Marken, Urheberrechte und andere eingetragene legitime Rechte gesch\u00fctzt ist, in \u00dcbereinstimmung mit den internationalen Vertr\u00e4gen, denen Spanien beigetreten ist, und anderen Eigentumsrechten und Gesetzen Spaniens.<\/p>\n\n\n\n<p>Wenn Sie aus irgendeinem Grund der Meinung sind, dass Ihre legitimen Rechte an geistigem Eigentum www.mspartners.es durch die Verwendung bestimmter Inhalte auf dieser Website verletzt wurden, m\u00fcssen Sie uns benachrichtigen unter: <strong>&nbsp;lucas@mspartners.es unter <\/strong>&nbsp;Angabe von:<\/p>\n\n\n\n<ul class=\"wp-block-list\">\n<li>Ihre personenbezogenen Daten, wenn Sie Inhaber der angeblich verletzten Rechte sind, oder die der Person, die Sie vertritt, falls der Anspruch von einem anderen Dritten als dem Inhaber der Rechte geltend gemacht wird.<\/li>\n\n\n\n<li>Die durch geistige Eigentumsrechte gesch\u00fctzten Inhalte und ihre Position auf der Website, die Akkreditierung der angegebenen Rechte an geistigem Eigentum und die ausdr\u00fcckliche Erkl\u00e4rung, dass der Interessent f\u00fcr die Richtigkeit der in der Mitteilung bereitgestellten Informationen verantwortlich ist.<\/li>\n<\/ul>\n\n\n\n<p><strong>Externe Links<\/strong><\/p>\n\n\n\n<p>Die Seiten und Artikel der Website k\u00f6nnen <strong>www.mspartners.es<\/strong> Links zu anderen Websites und Inhalten enthalten, die Eigentum Dritter sind, wie z. B.: Informationen, Ressourcen oder Tools.<\/p>\n\n\n\n<p>Der einzige Zweck der Links besteht darin, dem Benutzer die M\u00f6glichkeit zu geben, auf die verlinkten Websites zuzugreifen.<\/p>\n\n\n\n<p>Der Eigent\u00fcmer der Website ist unter keinen Umst\u00e4nden verantwortlich f\u00fcr die Ergebnisse, die vom Benutzer durch den Zugriff auf diese Links erzielt werden k\u00f6nnen.<\/p>\n\n\n\n<p>Ich verlinke immer auf vertrauensw\u00fcrdige Websites, die ich \u00fcberpr\u00fcft habe und die den Benutzern maximale Garantien bieten. Wenn Sie feststellen, dass ein Link auf dieser Website diesen Parametern nicht entspricht, teilen Sie uns dies bitte so schnell wie m\u00f6glich mit: <strong>lucas@mspartners.es<\/strong>, um das Problem dringend zu l\u00f6sen.<\/p>\n\n\n\n<p>Die Tatsache, dass sie auf diese Website verlinken, bedeutet nicht, dass eine Beziehung zwischen <strong>www.mspartners.es<\/strong> und dem Eigent\u00fcmer der Website, auf der der Link eingerichtet ist, besteht, oder dass der Eigent\u00fcmer der Website deren Inhalte oder Dienste akzeptiert oder genehmigt.<\/p>\n\n\n\n<p><strong>Kommentar-Richtlinie<\/strong><\/p>\n\n\n\n<p>Kommentare sind auf dieser Website erlaubt, um den Inhalt zu bereichern und R\u00fcckfragen zu stellen.<\/p>\n\n\n\n<p>Kommentare, die sich nicht auf den Gegenstand dieser Website beziehen, wie z. B. Verleumdungen, Beleidigungen, Beleidigungen, pers\u00f6nliche Angriffe oder Respektlosigkeit im Allgemeinen gegen\u00fcber dem Autor oder anderen Mitgliedern, werden nicht akzeptiert.<\/p>\n\n\n\n<p>Kommentare, die offensichtlich irref\u00fchrende oder falsche Informationen enthalten und solche, die pers\u00f6nliche Informationen wie Privatadressen oder Telefonnummern enthalten und gegen meine Datenschutzrichtlinie versto\u00dfen, werden gel\u00f6scht.<\/p>\n\n\n\n<p>Kommentare, die nur zu Werbezwecken einer Website, Person oder Gruppe erstellt wurden, und alles, was im Allgemeinen als Spam angesehen werden kann, wird abgelehnt.<\/p>\n\n\n\n<p>Anonyme Kommentare oder Kommentare derselben Person mit unterschiedlichen Spitznamen sind nicht zul\u00e4ssig. Auch nicht die Kommentare, die versuchen, eine Debatte oder eine Position eines anderen Benutzers zu erzwingen.<\/p>\n\n\n\n<p><strong>Ausschluss von Garantien und Haftung<\/strong><\/p>\n\n\n\n<p>Der Eigent\u00fcmer der Website, der f\u00fcr <strong>www.mspartners.es<\/strong> verantwortlich ist, gew\u00e4hrt keine Garantie und haftet in keinem Fall f\u00fcr Sch\u00e4den jeglicher Art, die sich aus Folgendem ergeben k\u00f6nnen:<\/p>\n\n\n\n<ul class=\"wp-block-list\">\n<li>Die mangelnde Verf\u00fcgbarkeit, Wartung und der effektive Betrieb der Website oder ihrer Dienste und Inhalte.<\/li>\n\n\n\n<li>Das Vorhandensein von Viren, Malware, b\u00f6sartigen oder sch\u00e4dlichen Programmen in den Inhalten.<\/li>\n\n\n\n<li>Nutzung, die illegal, fahrl\u00e4ssig, betr\u00fcgerisch oder gegen diesen rechtlichen Hinweis verst\u00f6\u00dft.<\/li>\n\n\n\n<li>Der Mangel an Rechtm\u00e4\u00dfigkeit, Qualit\u00e4t, Zuverl\u00e4ssigkeit, N\u00fctzlichkeit und Verf\u00fcgbarkeit der Dienste, die von Dritten bereitgestellt und den Benutzern auf der Website zur Verf\u00fcgung gestellt werden.<\/li>\n\n\n\n<li>Sch\u00e4den, die durch die illegale oder missbr\u00e4uchliche Nutzung dieser Website entstehen k\u00f6nnen.<\/li>\n<\/ul>\n\n\n\n<p><strong>Geltendes Recht und Gerichtsstand<\/strong><\/p>\n\n\n\n<p>Im Allgemeinen unterliegen die Beziehungen zwischen dem Eigent\u00fcmer der Website und den Nutzern ihrer Telematikdienste, die auf dieser Website vorhanden sind, der spanischen Gesetzgebung und Gerichtsbarkeit sowie den Gerichten.<\/p>\n\n\n\n<p><strong>Kontakt<\/strong><\/p>\n\n\n\n<p>Falls Sie als Benutzer Fragen zu diesen rechtlichen Bedingungen haben oder Kommentare zu www.mspartners.es<strong> abgeben m\u00f6chten<\/strong>, k\u00f6nnen Sie uns schreiben unter:<strong> lucas@mspartners.es<\/strong> und ich werde Ihnen so schnell wie m\u00f6glich antworten.<\/p>\n\n\n\n<p><\/p>\n\n\n\n<p><\/p>\n\n\n\n<p><\/p>\n","protected":false},"excerpt":{"rendered":"<p>Impressum An dieser Stelle finden Sie alle Informationen zu den rechtlichen Bedingungen, die die Beziehung zwischen den Benutzern und dem Verantwortlichen f\u00fcr diese Website definieren. Als Benutzer ist es wichtig, dass Sie diese Begriffe kennen, bevor Sie mit dem Surfen fortfahren. Diese Website entspricht strikt dem Gesetz 34\/2002 vom 11. Juli \u00fcber die Dienste der [&hellip;]<\/p>\n","protected":false},"author":1,"featured_media":0,"parent":0,"menu_order":0,"comment_status":"closed","ping_status":"closed","template":"","meta":{"_et_pb_use_builder":"off","_et_pb_old_content":"","_et_gb_content_width":"1080","footnotes":""},"class_list":["post-240196","page","type-page","status-publish","hentry"],"_links":{"self":[{"href":"https:\/\/mspartners.es\/de\/wp-json\/wp\/v2\/pages\/240196","targetHints":{"allow":["GET"]}}],"collection":[{"href":"https:\/\/mspartners.es\/de\/wp-json\/wp\/v2\/pages"}],"about":[{"href":"https:\/\/mspartners.es\/de\/wp-json\/wp\/v2\/types\/page"}],"author":[{"embeddable":true,"href":"https:\/\/mspartners.es\/de\/wp-json\/wp\/v2\/users\/1"}],"replies":[{"embeddable":true,"href":"https:\/\/mspartners.es\/de\/wp-json\/wp\/v2\/comments?post=240196"}],"version-history":[{"count":0,"href":"https:\/\/mspartners.es\/de\/wp-json\/wp\/v2\/pages\/240196\/revisions"}],"wp:attachment":[{"href":"https:\/\/mspartners.es\/de\/wp-json\/wp\/v2\/media?parent=240196"}],"curies":[{"name":"wp","href":"https:\/\/api.w.org\/{rel}","templated":true}]}}