{"id":240198,"date":"2021-04-09T07:03:31","date_gmt":"2021-04-09T05:03:31","guid":{"rendered":"https:\/\/mspartners.es\/?page_id=240198"},"modified":"2024-06-18T11:14:49","modified_gmt":"2024-06-18T09:14:49","slug":"einsatz-von-cookies","status":"publish","type":"page","link":"https:\/\/mspartners.es\/de\/einsatz-von-cookies\/","title":{"rendered":"Einsatz von Cookies"},"content":{"rendered":"\n<p>Einsatz von Cookies<\/p>\n\n\n\n<p>Auf dieser Website sammle und verwenden wir Informationen, wie der Datenschutzerkl\u00e4rung angegeben. Eine der M\u00f6glichkeiten, wie Daten gesammelt werden, ist die Verwendung von Technologien namens &#8222;Cookies&#8220;.<\/p>\n\n\n\n<p>In <strong>www.mspartners.es<\/strong> verwenden wir eigenen Cookies und Cookies von Drittanbietern, um sicherzustellen, dass Sie eine bessere Benutzererfahrung haben, um Statistiken und Surfgewohnheiten zu erhalten und um unter anderem Funktionen sozialer Netzwerke (Teilen von Inhalten, Weiterleiten an sie usw.) zu erm\u00f6glichen.<\/p>\n\n\n\n<p>Als Benutzer k\u00f6nnen Sie die Verarbeitung von Daten oder Informationen ablehnen, indem Sie diese Cookies \u00fcber Ihre Browsereinstellungen blockieren. Auf diese Weise werden sie nicht heruntergeladen und auf Ihrer Festplatte gespeichert. Sie sollten wissen, dass diese Website nicht richtig funktioniert, wenn Sie dies tun.<\/p>\n\n\n\n<p>In der Cookie-Richtlinie wird erkl\u00e4rt, wie Sie die g\u00e4ngigsten Browser konfigurieren m\u00fcssen, um Sie \u00fcber den Empfang von Cookies auf Ihrer Festplatte zu informieren oder die M\u00f6glichkeit, diese Cookies auf Ihrer Festplatte zu speichern, zu deaktivieren.<\/p>\n\n\n\n<p>Gem\u00e4\u00df <a href=\"https:\/\/www.boe.es\/buscar\/pdf\/2002\/BOE-A-2002-13758-consolidado.pdf\" target=\"_blank\" rel=\"noreferrer noopener\"><strong>Artikel 22.2 des Gesetzes 34\/2002 \u00fcber die Dienste der Informationsgesellschaft und des elektronischen Gesch\u00e4ftsverkehrs<\/strong><\/a> geben Sie durch die Fortsetzung Ihres Surfens Ihre Zustimmung zur Verwendung dieser Cookies. Daher ist es wichtig, dass Sie diese Cookie-Richtlinie lesen und verstehen, dass ich bei Weitersurfen davon ausgehe, dass Sie deren Verwendung akzeptieren.<\/p>\n\n\n\n<p><strong>Was ist ein Cookie?<\/strong><\/p>\n\n\n\n<p>Ein Cookie ist eine Textdatei, die auf Ihren Computer heruntergeladen wird, wenn Sie auf bestimmte Websites zugreifen.<\/p>\n\n\n\n<p>Sein Nutzen besteht darin, dass sich der Browser an Ihren Besuch erinnern kann, wenn Sie diese Website erneut durchsuchen.<\/p>\n\n\n\n<p>Cookies erm\u00f6glichen es der Website unter anderem, Informationen \u00fcber Ihre Surfgewohnheiten oder Ihren Computer zu speichern und abzurufen, und je nach den darin enthaltenen Informationen und der Art und Weise, wie Sie Ihren Computer verwenden, k\u00f6nnen sie verwendet werden, um Sie zu erkennen.<\/p>\n\n\n\n<p>Der Zweck des Cookies besteht darin, den Inhalt der Website an Ihr Profil und Ihre Bed\u00fcrfnisse anzupassen, damit Sie ein besseres Surferlebnis haben. Ohne Cookies w\u00e4ren, die von jeder Seite angebotenen, Dienste erheblich reduziert.<\/p>\n\n\n\n<p>Ein Cookie ist KEIN Virus, Trojaner, Wurm, Spam, Spyware oder Popup-Fenster\u00f6ffner.<\/p>\n\n\n\n<p><strong>Informationen, die von einem Cookie gespeichert werden<\/strong><\/p>\n\n\n\n<p>Cookies speichern technische Daten, pers\u00f6nliche Pr\u00e4ferenzen, Personalisierung von Inhalten, Nutzungsstatistiken, Links zu sozialen Netzwerken, Zugriff auf Benutzerkonten usw.<\/p>\n\n\n\n<p>Sie speichern normalerweise keine sensiblen Informationen \u00fcber Sie wie Kreditkarten oder Bankdaten, Fotos oder pers\u00f6nliche Informationen usw.<\/p>\n\n\n\n<p>Der Webserver ordnet Sie nicht als Person zu, sondern Ihren Browser. Wenn Sie regelm\u00e4\u00dfig mit Google Chrome surfen und versuchen, dieselbe Website mit Mozilla Firefox, Internet Explorer oder Apple Safari zu durchsuchen, werden Sie feststellen, dass die Website nicht erkennt, dass Sie dieselbe Person sind, da sie die Informationen tats\u00e4chlich mit dem Browser und nicht mit der Person verkn\u00fcpft.<\/p>\n\n\n\n<p><strong>Erst- und Drittanbieter-Cookies<\/strong><\/p>\n\n\n\n<ul class=\"wp-block-list\">\n<li><strong>Erstanbieter-Cookies:<\/strong> Dies sind diejenigen, die von der von Ihnen besuchten Seite (in diesem Fall <strong>www.mspartners.es<\/strong> generiert werden.<\/li>\n\n\n\n<li><strong>Cookies von Drittanbietern:<\/strong> Dies sind solche, die von externen Diensten oder Anbietern wie Google Analytics, Facebook, Instagram usw. generiert werden.<\/li>\n<\/ul>\n\n\n\n<p><strong>Cookies nach ihrer Speicherdauer<\/strong><\/p>\n\n\n\n<ul class=\"wp-block-list\">\n<li><strong>Sitzungscookies:<\/strong> Sie speichern Ihre Browserinformationen, w\u00e4hrend Sie auf der Seite bleiben, und werden gel\u00f6scht, wenn Sie Ihren Browser schlie\u00dfen. Wenn Sie zu der Website zur\u00fcckkehren, die das Cookie erstellt hat, werden Sie nicht erkannt und Sie m\u00fcssen sich erneut anmelden oder Ihre Einstellungen ausw\u00e4hlen.<\/li>\n\n\n\n<li><strong>Dauerhafte Cookies:<\/strong> Diese werden in einem Unterordner Ihres Browsers gespeichert, bis Sie sie manuell l\u00f6schen oder Ihr Browser sie nach einer bestimmten Zeit in der Cookie-Datei l\u00f6scht.<\/li>\n<\/ul>\n\n\n\n<p><strong>Arten von Cookies nach ihrem Zweck<\/strong><\/p>\n\n\n\n<ul class=\"wp-block-list\">\n<li><strong>Technische Cookies:<\/strong> Dies sind die grundlegendsten Cookies, die es erm\u00f6glichen, auf der Website zu surfen und ihre verschiedenen Optionen oder Dienste zu nutzen. Sie erm\u00f6glichen es unter anderem zu wissen, wann ein Mensch oder eine automatisierte Anwendung surft und wann ein anonymer Benutzer und ein registrierter Benutzer surfen, grundlegende Aufgaben f\u00fcr den Betrieb jeder dynamischen Website.<\/li>\n\n\n\n<li><strong>Personalisierungs-Cookies:<\/strong> Sie erm\u00f6glichen Ihnen den Zugriff auf einen Dienst mit bestimmten vorkonfigurierten Merkmalen, die auf einer Reihe von Kriterien basieren, wie z. B. dem von Ihnen verwendeten Browsertyp, der darin definierten Sprache, dem Zugriffsbereich usw.<\/li>\n\n\n\n<li><strong>Analyse-Cookies:<\/strong> Sie sammeln Informationen \u00fcber die Art des Surfens, die Sie am h\u00e4ufigsten verwenden, die von Ihnen konsultierten Produkte, die Nutzungszeit, die Sprache usw. Sie erm\u00f6glichen es Ihnen, die Aktivit\u00e4t der Website zu messen und sie auf der Grundlage der \u00dcberwachung und Analyse Ihres Verhaltens zu verbessern.<\/li>\n\n\n\n<li><strong>Werbe-Cookies:<\/strong> Sie erm\u00f6glichen es Ihnen, die auf einer Website enthaltene Werbung so effektiv wie m\u00f6glich zu verwalten und Ihnen Anzeigen mit dem entsprechenden Inhalt und der entsprechenden H\u00e4ufigkeit anzuzeigen. Sie zeigen Werbung basierend auf Ihrem Surfen, Ihrem Herkunftsland, Ihrer Sprache usw. an.<\/li>\n\n\n\n<li><strong>Verhaltensbezogene Werbe-Cookies:<\/strong> Sie speichern Informationen \u00fcber Ihr Verhalten entsprechend Ihren Surfgewohnheiten und entwickeln ein spezifisches Profil, um Ihnen darauf basierende Werbung zu zeigen.<\/li>\n<\/ul>\n\n\n\n<p><strong>Wie Cookies in www.mspartners.es verwendet werden<\/strong><\/p>\n\n\n\n<p>Diese Website erfordert immer Ihre Zustimmung zur Verwendung von Cookies.<\/p>\n\n\n\n<p>Cookies auf dieser Website helfen:<\/p>\n\n\n\n<ul class=\"wp-block-list\">\n<li>Dass die Website korrekt funktioniert.<\/li>\n\n\n\n<li>Sparen Sie sich jedes Mal, wenn Sie die Website besuchen, um sich anzumelden.<\/li>\n\n\n\n<li>Merken Sie sich Ihre Einstellungen und Pr\u00e4ferenzen w\u00e4hrend und zwischen den Besuchen.<\/li>\n\n\n\n<li>Verbessern Sie die Geschwindigkeit und Sicherheit der Website.<\/li>\n\n\n\n<li>Dass Sie Inhalte in sozialen Netzwerken teilen k\u00f6nnen.<\/li>\n\n\n\n<li>Dass Sie Kommentare hinterlassen k\u00f6nnen.<\/li>\n\n\n\n<li>Dass Sie Videos ansehen k\u00f6nnen.<\/li>\n\n\n\n<li>Verbessern Sie die Website dank der von mir durchgef\u00fchrten Analysen.<\/li>\n\n\n\n<li>Gestalten Sie Marketingkampagnen effizienter.<\/li>\n<\/ul>\n\n\n\n<p>Wier verwenden niemals Cookies, um:<\/p>\n\n\n\n<ul class=\"wp-block-list\">\n<li>Sammeln Sie personenbezogene Daten (ohne Ihre ausdr\u00fcckliche Zustimmung).<\/li>\n\n\n\n<li>Sammeln Sie sensible Informationen wie: Adresse, Passw\u00f6rter, Kreditkartendaten usw. (unter keinen Umst\u00e4nden).<\/li>\n\n\n\n<li>Weitergabe oder \u00dcbertragung personenbezogener Daten an Dritte (ohne Ihr ausdr\u00fcckliches Wissen und Ihre Erlaubnis).<\/li>\n<\/ul>\n\n\n\n<p><strong>Erstanbieter-Cookies, die ich in www.mspartners.es verwende<\/strong><\/p>\n\n\n\n<p>Diese Website verwendet <strong>eigene Cookies<\/strong> f\u00fcr folgende Zwecke:<\/p>\n\n\n\n<ul class=\"wp-block-list\">\n<li>Melden Sie sich an, damit Sie sich bei Ihrem Konto an- und abmelden k\u00f6nnen<\/li>\n\n\n\n<li>Stellen Sie fest, ob Sie eine Verbindung mit der Website hergestellt haben.<\/li>\n\n\n\n<li>Merken Sie sich Ihre Sucheinstellungen.<\/li>\n\n\n\n<li>Denken Sie daran, ob Sie die rechtlichen Bedingungen (Rechtlicher Hinweis, Datenschutzrichtlinie und Cookie-Richtlinie) akzeptiert haben.<\/li>\n\n\n\n<li>Zeige dir Seiten, die du k\u00fcrzlich besucht hast.<\/li>\n\n\n\n<li>F\u00fcgen Sie Kommentare zur Website hinzu.<\/li>\n\n\n\n<li>Bek\u00e4mpfen Sie Spam und stellen Sie sicher, dass der Benutzer ein Mensch und keine automatisierte Anwendung ist.<\/li>\n\n\n\n<li>Vermeiden Sie Sicherheitsrisiken, vor allem, um zu erkennen, wenn jemand versucht, diese Website zu hacken.<\/li>\n<\/ul>\n\n\n\n<p><strong>Wichtige Cookie-Warnung<\/strong><\/p>\n\n\n\n<p>Aufgrund der Funktionsweise des Internets und der Websites ist es nicht immer m\u00f6glich, Informationen \u00fcber Cookies zu erhalten, die von Dritten \u00fcber meine Website platziert werden. Dies gilt insbesondere f\u00fcr F\u00e4lle, in denen meine Website sogenannte eingebettete Elemente enth\u00e4lt: Texte, Dokumente, Bilder oder Kurzfilme, die an anderer Stelle gespeichert sind, aber auf dieser Website angezeigt werden. Zus\u00e4tzlich zu denen, die von Analyse-Plugins abgeleitet werden, die von dieser Website verwendet werden.<\/p>\n\n\n\n<p>Falls Sie auf dieser Website auf diese Art von Cookies sto\u00dfen und diese nicht in unserer Cookie-Liste beschrieben sind, k\u00f6nnen Sie dies mitteilen unter: <strong>lucas@mspartners.es,<\/strong> damit wir dieses Cookie \u00fcberpr\u00fcfen und gegebenenfalls zur Liste hinzuf\u00fcgen kann. Sie k\u00f6nnen sich auch direkt an den Drittanbieter wenden, um Informationen \u00fcber die von ihm platzierten Cookies, ihren Zweck und ihre Dauer sowie die Art und Weise, wie sie Ihre Privatsph\u00e4re gew\u00e4hrleistet haben, anzufordern.<br><br><br><\/p>\n\n\n\n<p><strong>So verwalten, deaktivieren und l\u00f6schen Sie Cookies<\/strong><\/p>\n\n\n\n<p>Wenn Sie nicht m\u00f6chten, dass eine Website oder ein Blog Cookies auf Ihrem Computer speichert, k\u00f6nnen Sie Ihre Browsereinstellungen so anpassen, dass Sie jedes Mal benachrichtigt werden, wenn ein Cookie heruntergeladen oder installiert werden muss, oder dass Sie alle Cookies oder nur die von Drittanbietern ablehnen. Sie k\u00f6nnen auch alle Cookies l\u00f6schen, die sich bereits auf Ihrem Computer befinden.<\/p>\n\n\n\n<p>Die meisten Browser erm\u00f6glichen es Ihnen, Cookies auf 3 verschiedene Arten zu verwalten:<\/p>\n\n\n\n<ul class=\"wp-block-list\">\n<li>Cookies werden immer abgelehnt.<\/li>\n\n\n\n<li>Der Browser fragt, ob der Benutzer jedes Cookie installieren m\u00f6chte.<\/li>\n\n\n\n<li>Cookies werden immer akzeptiert.<\/li>\n<\/ul>\n\n\n\n<p>Der Browser kann auch die M\u00f6glichkeit bieten, besser festzulegen, welche Cookies akzeptiert werden m\u00fcssen und welche nicht.<\/p>\n\n\n\n<p>In der Regel haben Sie folgende M\u00f6glichkeiten:<\/p>\n\n\n\n<ul class=\"wp-block-list\">\n<li>Lehnen Sie Cookies von bestimmten Domains ab.<\/li>\n\n\n\n<li>Lehnen Sie Cookies von Drittanbietern ab.<\/li>\n\n\n\n<li>Cookies als nicht persistent akzeptieren (gel\u00f6scht, wenn der Browser geschlossen wird).<\/li>\n\n\n\n<li>Erlauben Sie dem Server, Cookies f\u00fcr eine andere Domain zu erstellen.<\/li>\n<\/ul>\n\n\n\n<p>Sie m\u00fcssen die Einstellungen f\u00fcr jeden Browser und Computer, den Sie verwenden, separat anpassen. Hier sind einige Anleitungen, damit Sie wissen, wie Sie die Installation von Cookies in den g\u00e4ngigsten Browsern konfigurieren k\u00f6nnen:<\/p>\n\n\n\n<ul class=\"wp-block-list\">\n<li><a href=\"http:\/\/support.google.com\/chrome\/bin\/answer.py?hl=es-419&amp;answer=95647\" target=\"_blank\" rel=\"noreferrer noopener\"><strong>Google Chrome<\/strong><\/a><\/li>\n\n\n\n<li><a href=\"http:\/\/windows.microsoft.com\/es-xl\/internet-explorer\/delete-manage-cookies#ie=ie-10\" target=\"_blank\" rel=\"noreferrer noopener\"><strong>Internet-Explorer<\/strong><\/a><\/li>\n\n\n\n<li><a href=\"http:\/\/support.mozilla.org\/es\/kb\/habilitar-y-deshabilitar-cookies-que-los-sitios-we\" target=\"_blank\" rel=\"noreferrer noopener\"><strong>Mozilla Firefox<\/strong><\/a><\/li>\n\n\n\n<li><a href=\"http:\/\/support.apple.com\/kb\/HT1677?viewlocale=es_ES%20%97%20http:\/\/support.apple.com\/kb\/ph5042\" target=\"_blank\" rel=\"noreferrer noopener\"><strong>Apfel-Safari<\/strong><\/a><\/li>\n<\/ul>\n\n\n\n<p>Wenn Sie m\u00f6chten, k\u00f6nnen Sie das Tracking von Google Analytics mit <a href=\"https:\/\/tools.google.com\/dlpage\/gaoptout\" target=\"_blank\" rel=\"noreferrer noopener\"><strong>diesem von Google angebotenen Browser-Add-on<\/strong><\/a> deaktivieren .<\/p>\n\n\n\n<p>Webbrowser sind die Werkzeuge, die f\u00fcr die Speicherung von Cookies verantwortlich sind, und von diesem Ort aus m\u00fcssen Sie Ihr Recht aus\u00fcben, sie zu l\u00f6schen oder zu deaktivieren.<\/p>\n\n\n\n<p>In einigen F\u00e4llen ist es notwendig, Cookies zu installieren, damit der Browser Ihre Entscheidung, sie nicht zu akzeptieren, nicht vergisst.<\/p>\n\n\n\n<p><strong>Erfahren Sie mehr \u00fcber Cookies<\/strong><\/p>\n\n\n\n<p>Sie k\u00f6nnen die von der spanischen Datenschutzbeh\u00f6rde in ihrem &#8222;<a href=\"http:\/\/www.agpd.es\/portalwebAGPD\/canaldocumentacion\/publicaciones\/common\/Guias\/Guia_Cookies.pdf\" target=\"_blank\" rel=\"noreferrer noopener\"><strong>Leitfaden zur Verwendung von Cookies&#8220; ver\u00f6ffentlichten Cookie-Vorschriften einsehen <\/strong><\/a>und weitere Informationen \u00fcber Cookies im Internet erhalten unter: <a href=\"http:\/\/www.allaboutcookies.org\/es\/\" target=\"_blank\" rel=\"noreferrer noopener\"><strong>http:\/\/www.allaboutcookies.org\/es\/ <\/strong><\/a>und <a href=\"https:\/\/www.aboutcookies.org\/\" target=\"_blank\" rel=\"noreferrer noopener\"><strong>https:\/\/www.aboutcookies.org\/<\/strong><\/a><\/p>\n\n\n\n<p>Und wenn Sie mehr Kontrolle \u00fcber die Installation von Cookies haben m\u00f6chten, k\u00f6nnen Sie Programme oder Add-Ons in Ihrem Browser installieren, die als &#8222;Do Not Track&#8220;-Tools bekannt sind und es Ihnen erm\u00f6glichen, die Cookies auszuw\u00e4hlen, die Sie zulassen m\u00f6chten.<\/p>\n\n\n\n<p>Wir hoffen, dass diese Cookie-Richtlinie f\u00fcr Sie hilfreich war, und wenn Sie Fragen haben, kontaktieren Sie uns einfach unter: <strong>lucas@mspartners.es<\/strong><\/p>\n\n\n\n<p>Die Annahme dieser Cookie-Richtlinie setzt voraus, dass Sie klar und vollst\u00e4ndig \u00fcber die Verwendung von Cookies informiert wurden, dass Sie sich der M\u00f6glichkeit bewusst sind, sie abzulehnen oder zu l\u00f6schen, und dass Sie Ihre Zustimmung zu ihrer Verwendung in <strong>www.mspartners.es<\/strong><\/p>\n","protected":false},"excerpt":{"rendered":"<p>Einsatz von Cookies Auf dieser Website sammle und verwenden wir Informationen, wie der Datenschutzerkl\u00e4rung angegeben. Eine der M\u00f6glichkeiten, wie Daten gesammelt werden, ist die Verwendung von Technologien namens &#8222;Cookies&#8220;. In www.mspartners.es verwenden wir eigenen Cookies und Cookies von Drittanbietern, um sicherzustellen, dass Sie eine bessere Benutzererfahrung haben, um Statistiken und Surfgewohnheiten zu erhalten und um [&hellip;]<\/p>\n","protected":false},"author":1,"featured_media":0,"parent":0,"menu_order":0,"comment_status":"closed","ping_status":"closed","template":"","meta":{"_et_pb_use_builder":"","_et_pb_old_content":"","_et_gb_content_width":"","footnotes":""},"class_list":["post-240198","page","type-page","status-publish","hentry"],"_links":{"self":[{"href":"https:\/\/mspartners.es\/de\/wp-json\/wp\/v2\/pages\/240198","targetHints":{"allow":["GET"]}}],"collection":[{"href":"https:\/\/mspartners.es\/de\/wp-json\/wp\/v2\/pages"}],"about":[{"href":"https:\/\/mspartners.es\/de\/wp-json\/wp\/v2\/types\/page"}],"author":[{"embeddable":true,"href":"https:\/\/mspartners.es\/de\/wp-json\/wp\/v2\/users\/1"}],"replies":[{"embeddable":true,"href":"https:\/\/mspartners.es\/de\/wp-json\/wp\/v2\/comments?post=240198"}],"version-history":[{"count":0,"href":"https:\/\/mspartners.es\/de\/wp-json\/wp\/v2\/pages\/240198\/revisions"}],"wp:attachment":[{"href":"https:\/\/mspartners.es\/de\/wp-json\/wp\/v2\/media?parent=240198"}],"curies":[{"name":"wp","href":"https:\/\/api.w.org\/{rel}","templated":true}]}}