{"id":240200,"date":"2021-04-08T14:23:32","date_gmt":"2021-04-08T12:23:32","guid":{"rendered":"https:\/\/mspartners.es\/?page_id=240200"},"modified":"2024-06-18T11:16:46","modified_gmt":"2024-06-18T09:16:46","slug":"datenschutzrichtlinie","status":"publish","type":"page","link":"https:\/\/mspartners.es\/de\/datenschutzrichtlinie\/","title":{"rendered":"Datenschutzrichtlinie"},"content":{"rendered":"\n<p><\/p>\n\n\n\n<p>Datenschutzrichtlinie<\/p>\n\n\n\n<p>Wenn Sie hier sind, dann weil Sie besorgt sind, dass es den Datenschutzbestimmungen auf unserer Website und im Unternehmen entspricht.<\/p>\n\n\n\n<p>Wir freuen uns, Sie hier zu sehen, und laden Sie ein, diese Datenschutzerkl\u00e4rung vollst\u00e4ndig zu lesen.<\/p>\n\n\n\n<p><strong>Vorherige Empfehlung<\/strong><\/p>\n\n\n\n<p>Wir begr\u00fc\u00dfe Sie auf dieser Website und empfehlen Ihnen, unsere Datenschutzerkl\u00e4rung zu lesen. Es beschreibt, wie <strong>Informationen \u00fcber Ihre<\/strong> Kunden, Benutzer und Abonnenten auf dieser Website gesammelt und verwendet www.mspartners.es.<\/p>\n\n\n\n<p>Auf dieser Website werden die pers\u00f6nlichen Daten der Nutzer respektiert und gepflegt. Als Nutzer sollten Sie wissen, dass Ihre Rechte gew\u00e4hrleistet sind. Wir haben hart daran gearbeitet, einen sicheren und zuverl\u00e4ssigen Raum zu schaffen.<\/p>\n\n\n\n<p>Es ist zu beachten, dass diese Datenschutzrichtlinie je nach gesetzlichen oder selbstregulatorischen Anforderungen variieren kann, daher wird Benutzern empfohlen, sie regelm\u00e4\u00dfig zu besuchen. Sie gilt f\u00fcr den Fall, dass Benutzer beschlie\u00dfen, ein Formular in einem ihrer Kontaktformulare auszuf\u00fcllen, in dem personenbezogenen Daten erhoben werden.<\/p>\n\n\n\n<p><strong>LUCAS MIGONE SCH\u00c4FER<\/strong> hat diese Website an die Anforderungen des LOPD (Organgesetz zum Datenschutz) und des LSSI-CE (Gesetz \u00fcber die Informationsgesellschaft und den elektronischen Gesch\u00e4ftsverkehr) angepasst.<\/p>\n\n\n\n<p><strong>Gesetzliche Vorschriften, die dieser Datenschutzrichtlinie entsprechen<\/strong><\/p>\n\n\n\n<p><strong>LUCAS MIGONE SCHAEFER<\/strong> hat diese Website an die Anforderungen angepasst von:<\/p>\n\n\n\n<ul class=\"wp-block-list\">\n<li>Die <strong>DSGVO<\/strong> (<a href=\"https:\/\/www.boe.es\/doue\/2016\/119\/L00001-00088.pdf\" target=\"_blank\" rel=\"noreferrer noopener\"><strong>Verordnung (EU) 2016\/679 des Europ\u00e4ischen Parlaments und des Rates vom 27. April 2016 zum Schutz nat\u00fcrlicher Personen<\/strong><\/a>), die neue Verordnung der Europ\u00e4ischen Union, die die Regulierung der Verarbeitung personenbezogener Daten in den verschiedenen EU-L\u00e4ndern vereinheitlicht.<\/li>\n\n\n\n<li>Das <strong>LOPD<\/strong> (<a href=\"https:\/\/www.boe.es\/buscar\/act.php?id=BOE-A-2018-16673\" target=\"_blank\" rel=\"noreferrer noopener\"><strong>Organgesetz 3\/2018 vom 5. Dezember \u00fcber den Schutz personenbezogener Daten<\/strong><\/a> und <a href=\"https:\/\/www.boe.es\/buscar\/doc.php?id=BOE-A-2008-979\" target=\"_blank\" rel=\"noreferrer noopener\"><strong>das K\u00f6nigliche Dekret 1720\/2007 vom 21. Dezember, bekannt als Verordnung zur Entwicklung des LOPD<\/strong><\/a>), das die Verarbeitung personenbezogener Daten und die Verpflichtungen regelt, die die Verantwortlichen einer Website oder eines Blogs bei der Verwaltung dieser Informationen \u00fcbernehmen m\u00fcssen.<\/li>\n\n\n\n<li>Das <strong>LSSI oder LSSICE <\/strong>(<a href=\"http:\/\/www.boe.es\/buscar\/doc.php?id=BOE-A-2002-13758\" target=\"_blank\" rel=\"noreferrer noopener\"><strong>Gesetz 34\/2002 vom 11. Juli \u00fcber die Dienste der Informationsgesellschaft und den elektronischen Gesch\u00e4ftsverkehr<\/strong><\/a>), das den wirtschaftlichen Verkehr auf elektronischem Wege regelt, wie es bei dieser Website der Fall ist.<\/li>\n<\/ul>\n\n\n\n<p><strong>Senden und Aufzeichnen personenbezogener Daten<\/strong><\/p>\n\n\n\n<p>Im Sinne der Bestimmungen des Organgesetzes 3\/2018 vom 5. Dezember \u00fcber den Schutz personenbezogener Daten und die Gew\u00e4hrleistung digitaler Rechte <strong>informiert LUCAS MIGONE SCH\u00c4FER <\/strong>den Benutzer dar\u00fcber, dass er Eigent\u00fcmer einer im R.G.P.D. (Allgemeines Datenschutzregister) registrierten Datei mit personenbezogenen Daten ist, in die seine Daten aufgenommen und verarbeitet werden, um Ihnen die angeforderten Dienstleistungen zu erbringen und Ihnen die Informationen zu senden \u00fcber Dienstleistungen und Produkte, die f\u00fcr Sie von Interesse sein k\u00f6nnten.<\/p>\n\n\n\n<p>Die \u00dcbermittlung personenbezogener Daten ist obligatorisch, um mit <strong>LUCAS MIGONE SCH\u00c4FER in Kontakt zu treten und kommerzielle Gesch\u00e4fte mit ihm durchzuf\u00fchren.<\/strong><\/p>\n\n\n\n<p>Ebenso bedeutet die Nichtbereitstellung der angeforderten personenbezogenen Daten oder die Nichtannahme dieser Datenschutzrichtlinie, dass es unm\u00f6glich ist, die auf dieser Website gestellten Anfragen zu bearbeiten.<\/p>\n\n\n\n<p>Die von dieser Website erhobenen und gespeicherten personenbezogenen Daten sind im Impressum aufgef\u00fchrt.<\/p>\n\n\n\n<p><strong>Personenbezogene Daten, die von dieser Website gesammelt werden<\/strong><\/p>\n\n\n\n<p>Wenn ein Benutzer eine Verbindung zu dieser Website herstellt, um einen Beitrag zu kommentieren, eine E-Mail an den Eigent\u00fcmer zu senden, im Blog zu ver\u00f6ffentlichen oder zu abonnieren, Dienstleistungen oder Schulungen in Anspruch zu nehmen, stellt er personenbezogene Daten zur Verf\u00fcgung, f\u00fcr die <strong>LUCAS MIGONE SCHAEFER verantwortlich ist.<\/strong><\/p>\n\n\n\n<p>Diese Informationen k\u00f6nnen Ihre IP-Adresse, Ihren Namen, Ihre physische Adresse, Ihre E-Mail-Adresse, Ihre Telefonnummer, Zahlungsinformationen und andere demografische Informationen umfassen.&nbsp;Durch die Bereitstellung dieser Informationen erkl\u00e4rt sich der Benutzer damit einverstanden, dass seine Daten von <strong>LUCAS MIGONE SCH\u00c4FER<\/strong> nur wie im Impressum und in dieser Datenschutzrichtlinie beschrieben gesammelt, verwendet, verwaltet und gespeichert werden.<\/p>\n\n\n\n<p><strong>Dienste von Drittanbietern, die ich auf dieser Website verwende<\/strong><\/p>\n\n\n\n<ul class=\"wp-block-list\">\n<li><strong>Hosting<\/strong>: CUBENODE, ein Unternehmen, das mir SSL-Protokolle zur Verf\u00fcgung stellt, damit Ihre Daten vor Hackern oder anderen Personen gesch\u00fctzt sind, die versuchen, diese Informationen zu stehlen. \u00dcberpr\u00fcfen Sie ihre <a href=\"https:\/\/cubenode.com\/policies\/politicas_privavidad\/\" target=\"_blank\" rel=\"noreferrer noopener\">Datenschutzrichtlinie hier.<\/a><\/li>\n\n\n\n<li><strong>Webplattform<\/strong>: <a href=\"https:\/\/wordpress.org\/about\/privacy\/\">WordPress.org<\/a>, deren Datenschutzerkl\u00e4rung <a href=\"https:\/\/automattic.com\/privacy\/\">Sie hier<\/a> finden.<\/li>\n\n\n\n<li><strong>E-Mail-Marketing-Anbieter<\/strong>:<\/li>\n\n\n\n<li><strong>Abonnentengewinnung<\/strong>:<\/li>\n\n\n\n<li><a href=\"https:\/\/www.google.com\/intl\/es\/policies\/privacy\/\"><strong>Google Analytics<\/strong><\/a>.<\/li>\n<\/ul>\n\n\n\n<p>Der Nutzer kann sich jederzeit von den von <strong>www.mspartners.es<\/strong> des Newsletters selbst angebotenen Diensten abmelden.<\/p>\n\n\n\n<p>In \u00dcbereinstimmung mit den geltenden Vorschriften zum Schutz personenbezogener Daten erkl\u00e4rt sich der Benutzer sowohl durch das Abonnieren dieses Blogs als auch durch das Abgeben eines Kommentars auf einer seiner Seiten und\/oder Eintr\u00e4ge damit einverstanden:<\/p>\n\n\n\n<ol class=\"wp-block-list\" start=\"1\">\n<li>Die Verarbeitung Ihrer personenbezogenen Daten in der WordPress-Umgebung in \u00dcbereinstimmung mit <a href=\"https:\/\/automattic.com\/privacy\/\" target=\"_blank\" rel=\"noreferrer noopener\">deren Datenschutzrichtlinien<\/a>.<\/li>\n\n\n\n<li>Der Zugriff von <strong>LUCAS MIGONE SCH\u00c4FER<\/strong> auf die Daten, die der Benutzer gem\u00e4\u00df der WordPress-Infrastruktur entweder f\u00fcr das Abonnement des Blogs oder f\u00fcr die Abgabe und\/oder den Empfang von Kommentaren dazu bereitstellen muss.<\/li>\n<\/ol>\n\n\n\n<p>In \u00dcbereinstimmung mit den Bestimmungen des Organgesetzes 3\/2018 vom 5. Dezember \u00fcber den Schutz personenbezogener Daten und die Gew\u00e4hrleistung digitaler Rechte werden die personenbezogenen Daten, die der Benutzer \u00fcber diese Website sendet, in eine Datei aufgenommen, die Eigentum von <strong>LUCAS MIGONE SCH\u00c4FER ist.<\/strong><\/p>\n\n\n\n<p>Diese Dateien haben alle technischen und organisatorischen Sicherheitsma\u00dfnahmen umgesetzt, die im K\u00f6niglichen Dekret 1720\/2007 zur Umsetzung des LOPD festgelegt sind.<\/p>\n\n\n\n<p><strong>LUCAS MIGONE SCH\u00c4FER<\/strong> verkauft, vermietet oder \u00fcbertr\u00e4gt keine personenbezogenen Daten, die den Benutzer identifizieren k\u00f6nnen, und wird dies auch in Zukunft nicht ohne vorherige Zustimmung tun. In einigen F\u00e4llen kann jedoch eine Zusammenarbeit mit anderen Fachleuten eingegangen werden, um Schulungen zu organisieren oder Dienstleistungen zu erbringen, in diesen F\u00e4llen ist die Zustimmung der Benutzer erforderlich, die \u00fcber die Identit\u00e4t des Mitarbeiters und den Zweck der Zusammenarbeit informieren. Es wird immer mit den strengsten Sicherheitsstandards durchgef\u00fchrt.<\/p>\n\n\n\n<p><strong>Genauigkeit und Richtigkeit der Daten<\/strong><\/p>\n\n\n\n<p>Der Nutzer ist allein verantwortlich f\u00fcr die Richtigkeit und Richtigkeit der an www.mspartners.es \u00fcbermittelten Daten und entbindet den Anbieter von jeglicher diesbez\u00fcglichen Haftung. Die Nutzer garantieren und sind in jedem Fall f\u00fcr die Richtigkeit, G\u00fcltigkeit und Authentizit\u00e4t der bereitgestellten personenbezogenen Daten verantwortlich und verpflichten sich, diese ordnungsgem\u00e4\u00df auf dem neuesten Stand zu halten. Der Nutzer verpflichtet sich, im Kontakt- oder Anmeldeformular vollst\u00e4ndige und korrekte Angaben zu machen.<\/p>\n\n\n\n<p><strong>Aus\u00fcbung von Auskunfts-, Berichtigungs-, L\u00f6schungs- oder Widerspruchsrechten<\/strong><\/p>\n\n\n\n<p>Die Rechte der Nutzer sind wie folgt:<\/p>\n\n\n\n<ul class=\"wp-block-list\">\n<li>Das Recht, jederzeit zu fragen, welche personenbezogenen Daten wir \u00fcber den Benutzer speichern.<\/li>\n\n\n\n<li>Das Recht, uns aufzufordern, unrichtige oder veraltete Daten, die wir \u00fcber den Benutzer speichern, kostenlos zu aktualisieren oder zu korrigieren.<\/li>\n\n\n\n<li>Das Recht, sich von allen Marketingmitteilungen abzumelden, die wir an den Benutzer senden.<\/li>\n<\/ul>\n\n\n\n<p>Der Benutzer kann seine Mitteilungen richten und seine Rechte auf Zugang, Berichtigung, L\u00f6schung und Widerspruch per E-Mail aus\u00fcben: <strong>lucas@mspartners.es <\/strong>zusammen mit einem g\u00fcltigen Rechtsnachweis, wie z. B. einer Fotokopie des Personalausweises oder eines gleichwertigen Nachweises, der im Betreff &#8222;DATENSCHUTZ&#8220; angegeben ist.<\/p>\n\n\n\n<p><strong>Annahme und Zustimmung<\/strong><\/p>\n\n\n\n<p>Der Benutzer erkl\u00e4rt, \u00fcber die Bedingungen zum Schutz personenbezogener Daten informiert worden zu sein, akzeptiert und stimmt der Verarbeitung derselben durch <strong>LUCAS MIGONE SCH\u00c4FER<\/strong> in der Weise und zu den Zwecken zu, die im rechtlichen Hinweis angegeben sind.<\/p>\n\n\n\n<p><strong>\u00c4nderungen an dieser Datenschutzrichtlinie<\/strong><\/p>\n\n\n\n<p><strong>LUCAS MIGONE SCH\u00c4FER<\/strong> beh\u00e4lt sich das Recht vor, diese Richtlinie zu \u00e4ndern, um sie an neue Gesetze oder Rechtsprechung sowie an Branchenpraktiken anzupassen. In solchen F\u00e4llen wird der Anbieter die auf dieser Seite eingef\u00fchrten \u00c4nderungen mit angemessener Vorank\u00fcndigung ihrer Umsetzung bekannt geben.<\/p>\n\n\n\n<p><strong>Kommerzielle E-Mails<\/strong><\/p>\n\n\n\n<p>In \u00dcbereinstimmung mit dem LSSICE <strong>&nbsp;betreibt www.mspartners.es<\/strong> keine SPAM-Praktiken, d. h. es versendet keine kommerziellen E-Mails, die nicht zuvor vom Benutzer angefordert oder autorisiert wurden. Folglich hat der Benutzer in jedem der Formulare auf der Website die M\u00f6glichkeit, seine ausdr\u00fcckliche Zustimmung zum Erhalt des Newsletters zu erteilen, unabh\u00e4ngig von den angeforderten kommerziellen Informationen.<\/p>\n\n\n\n<p>Vielen Dank, dass Sie sich die Zeit genommen haben, diese Datenschutzrichtlinie zu lesen. Wenn Sie Fragen haben, k\u00f6nnen Sie mich unter <strong>lucas@mspartners.es<\/strong><\/p>\n","protected":false},"excerpt":{"rendered":"<p>Datenschutzrichtlinie Wenn Sie hier sind, dann weil Sie besorgt sind, dass es den Datenschutzbestimmungen auf unserer Website und im Unternehmen entspricht. Wir freuen uns, Sie hier zu sehen, und laden Sie ein, diese Datenschutzerkl\u00e4rung vollst\u00e4ndig zu lesen. Vorherige Empfehlung Wir begr\u00fc\u00dfe Sie auf dieser Website und empfehlen Ihnen, unsere Datenschutzerkl\u00e4rung zu lesen. Es beschreibt, wie [&hellip;]<\/p>\n","protected":false},"author":1,"featured_media":0,"parent":0,"menu_order":0,"comment_status":"closed","ping_status":"closed","template":"","meta":{"_et_pb_use_builder":"","_et_pb_old_content":"","_et_gb_content_width":"","footnotes":""},"class_list":["post-240200","page","type-page","status-publish","hentry"],"_links":{"self":[{"href":"https:\/\/mspartners.es\/de\/wp-json\/wp\/v2\/pages\/240200","targetHints":{"allow":["GET"]}}],"collection":[{"href":"https:\/\/mspartners.es\/de\/wp-json\/wp\/v2\/pages"}],"about":[{"href":"https:\/\/mspartners.es\/de\/wp-json\/wp\/v2\/types\/page"}],"author":[{"embeddable":true,"href":"https:\/\/mspartners.es\/de\/wp-json\/wp\/v2\/users\/1"}],"replies":[{"embeddable":true,"href":"https:\/\/mspartners.es\/de\/wp-json\/wp\/v2\/comments?post=240200"}],"version-history":[{"count":0,"href":"https:\/\/mspartners.es\/de\/wp-json\/wp\/v2\/pages\/240200\/revisions"}],"wp:attachment":[{"href":"https:\/\/mspartners.es\/de\/wp-json\/wp\/v2\/media?parent=240200"}],"curies":[{"name":"wp","href":"https:\/\/api.w.org\/{rel}","templated":true}]}}